{"id":241,"date":"2024-07-06T11:51:35","date_gmt":"2024-07-06T11:51:35","guid":{"rendered":"https:\/\/bestialtape.com\/?page_id=241"},"modified":"2025-06-19T21:10:44","modified_gmt":"2025-06-19T21:10:44","slug":"condiciones-generales","status":"publish","type":"page","link":"https:\/\/bestialtape.com\/en\/condiciones-generales\/","title":{"rendered":"Condiciones generales"},"content":{"rendered":"\t\t<div data-elementor-type=\"wp-page\" data-elementor-id=\"241\" class=\"elementor elementor-241\" data-elementor-post-type=\"page\">\n\t\t\t\t<div class=\"elementor-element elementor-element-ecd2b16 e-flex e-con-boxed e-con e-parent\" data-id=\"ecd2b16\" data-element_type=\"container\" data-e-type=\"container\">\n\t\t\t\t\t<div class=\"e-con-inner\">\n\t\t\t\t<div class=\"elementor-element elementor-element-6b68102 elementor-widget elementor-widget-spacer\" data-id=\"6b68102\" data-element_type=\"widget\" data-e-type=\"widget\" data-widget_type=\"spacer.default\">\n\t\t\t\t<div class=\"elementor-widget-container\">\n\t\t\t\t\t\t\t<div class=\"elementor-spacer\">\n\t\t\t<div class=\"elementor-spacer-inner\"><\/div>\n\t\t<\/div>\n\t\t\t\t\t\t<\/div>\n\t\t\t\t<\/div>\n\t\t\t\t<div class=\"elementor-element elementor-element-0216724 elementor-widget elementor-widget-heading\" data-id=\"0216724\" data-element_type=\"widget\" data-e-type=\"widget\" data-widget_type=\"heading.default\">\n\t\t\t\t<div class=\"elementor-widget-container\">\n\t\t\t\t\t<h2 class=\"elementor-heading-title elementor-size-default\">Condiciones Generales<\/h2>\t\t\t\t<\/div>\n\t\t\t\t<\/div>\n\t\t\t\t\t<\/div>\n\t\t\t\t<\/div>\n\t\t<div class=\"elementor-element elementor-element-c07634c e-con-full e-flex e-con e-parent\" data-id=\"c07634c\" data-element_type=\"container\" data-e-type=\"container\">\n\t\t\t\t<div class=\"elementor-element elementor-element-01e8dd5 elementor-widget elementor-widget-text-editor\" data-id=\"01e8dd5\" data-element_type=\"widget\" data-e-type=\"widget\" data-widget_type=\"text-editor.default\">\n\t\t\t\t<div class=\"elementor-widget-container\">\n\t\t\t\t\t\t\t\t\t<div class=\"flex flex-grow flex-col max-w-full\"><div class=\"min-h-[20px] text-message flex flex-col items-start whitespace-pre-wrap break-words [.text-message+&amp;]:mt-5 juice:w-full juice:items-end overflow-x-auto gap-2\" dir=\"auto\" data-message-author-role=\"assistant\" data-message-id=\"93f15e77-399f-4d49-adcd-826bd38af96b\"><div class=\"flex w-full flex-col gap-1 juice:empty:hidden juice:first:pt-[3px]\"><div class=\"markdown prose w-full break-words dark:prose-invert light\"><h3>Disponibilidad de Productos<\/h3><ul><li><strong>Disponibilidad Limitada:<\/strong> La presencia de productos en la web no garantiza su disponibilidad inmediata.<\/li><li><strong>Confirmaci\u00f3n:<\/strong> Se confirmar\u00e1 la disponibilidad del producto solicitado en el mensaje de recepci\u00f3n del pedido.<\/li><\/ul><h3>Procedimientos de Compra<\/h3><ul><li><strong>Registro:<\/strong> Opcional y gratuito. Los datos se guardan de forma segura.<\/li><li><strong>Formas de Pago:<\/strong><ul><li>PayPal<\/li><li>Tarjeta<\/li><li>Transferencia bancaria<\/li><\/ul><\/li><li><strong>Confirmaci\u00f3n de Pedido:<\/strong> Se enviar\u00e1 por correo electr\u00f3nico si el pago ha sido realizado correctamente.<\/li><\/ul><h3>Pedidos<\/h3><ul><li><strong>Confirmaci\u00f3n:<\/strong> Recibir\u00e1 una confirmaci\u00f3n por correo electr\u00f3nico.<\/li><li><strong>Anulaci\u00f3n de Pedidos:<\/strong> Puede anular pedidos no expedidos enviando un correo a <a rel=\"noreferrer\">pedidosbestial@gmail.com<\/a> o llamando al +34 601 396 389<\/li><li><strong>Env\u00edos de Fin de Semana:<\/strong> Los pedidos realizados durante el fin de semana se enviar\u00e1n el lunes.<\/li><\/ul><h3>Precio de los Productos<\/h3><ul><li><strong>Consistencia de Precios:<\/strong> El importe total de la compra y el importe en la confirmaci\u00f3n deben coincidir.<\/li><li><strong>Impuestos:<\/strong> Bestial Tape no asume los gastos de impuestos para env\u00edos fuera de la Uni\u00f3n Europea.<\/li><li><strong>Errores:<\/strong> Comunicar cualquier error de precio, entrega o forma de pago inmediatamente.<\/li><\/ul><h3>Mensajer\u00eda<\/h3><ul><li><strong>Empresas de Transporte:<\/strong><ul><li>Nacionales: Tipsa<\/li><li>Canarias e Internacionales: Correos<\/li><\/ul><\/li><li><strong>Gastos de Env\u00edo:<\/strong> Calculados autom\u00e1ticamente.<\/li><li><strong>Retrasos:<\/strong> Contacte con nosotros si no recibe su pedido en el plazo indicado.<\/li><\/ul><h3>Devoluciones<\/h3><ul><li><strong>Plazo de Devoluci\u00f3n:<\/strong> Dentro de los 15 d\u00edas h\u00e1biles desde la recepci\u00f3n del producto.<\/li><li><strong>Estado del Producto:<\/strong> Debe estar en perfecto estado para recibir el reembolso.<\/li><li><strong>Productos Da\u00f1ados:<\/strong> Se aceptan devoluciones si el producto est\u00e1 en mal estado.<\/li><li><strong>Contacto para Devoluciones:<\/strong> <a rel=\"noreferrer\">pedidosbestial@gmail.com<\/a> o +34 607444260 con el n\u00famero de pedido.<\/li><\/ul><h3>Protecci\u00f3n de Datos Personales<\/h3><ul><li><strong>Propietario del Archivo:<\/strong> Maria Sala Hernandez.<\/li><li><strong>Finalidad:<\/strong> Gestionar la relaci\u00f3n comercial y enviar ofertas de productos y servicios.<\/li><li><strong>Conservaci\u00f3n:<\/strong> Durante la relaci\u00f3n comercial y los a\u00f1os necesarios para cumplir obligaciones legales.<\/li><li><strong>Legitimaci\u00f3n:<\/strong> Basada en el consentimiento del usuario.<\/li><li><strong>Destinatarios:<\/strong> No se ceder\u00e1n datos a terceros, salvo obligaci\u00f3n legal.<\/li><li><strong>Derechos del Usuario:<\/strong><ul><li>Acceso a sus datos personales.<\/li><li>Solicitud de rectificaci\u00f3n o supresi\u00f3n de datos.<\/li><li>Limitaci\u00f3n del tratamiento de datos.<\/li><li>Oposici\u00f3n al tratamiento de datos.<\/li><li>Portabilidad de datos.<\/li><li>Derecho a no ser objeto de decisiones automatizadas.<\/li><\/ul><\/li><\/ul><p>Para m\u00e1s informaci\u00f3n, puede contactarnos en <a rel=\"noreferrer\">bestialtape@gmail.com<\/a>.<\/p><\/div><\/div><\/div><\/div><div class=\"mt-1 flex gap-3 empty:hidden juice:-ml-3\"><div class=\"items-center justify-start rounded-xl p-1 flex\"><div class=\"flex items-center\"><div class=\"flex\">\u00a0<\/div><div class=\"flex items-center pb-0.5 juice:pb-0\"><div class=\"[&amp;_svg]:h-full [&amp;_svg]:w-full icon-md h-4 w-4\">\u00a0<\/div><\/div><\/div><\/div><\/div>\t\t\t\t\t\t\t\t<\/div>\n\t\t\t\t<\/div>\n\t\t\t\t<\/div>\n\t\t\t\t<\/div>\n\t\t","protected":false},"excerpt":{"rendered":"<p>Condiciones Generales Disponibilidad de Productos Disponibilidad Limitada: La presencia de productos en la web no garantiza su disponibilidad inmediata. Confirmaci\u00f3n: [&hellip;]<\/p>\n","protected":false},"author":1,"featured_media":0,"parent":0,"menu_order":0,"comment_status":"closed","ping_status":"closed","template":"","meta":{"site-sidebar-layout":"no-sidebar","site-content-layout":"","ast-site-content-layout":"full-width-container","site-content-style":"default","site-sidebar-style":"default","ast-global-header-display":"","ast-banner-title-visibility":"","ast-main-header-display":"","ast-hfb-above-header-display":"","ast-hfb-below-header-display":"","ast-hfb-mobile-header-display":"","site-post-title":"disabled","ast-breadcrumbs-content":"","ast-featured-img":"disabled","footer-sml-layout":"","ast-disable-related-posts":"","theme-transparent-header-meta":"","adv-header-id-meta":"","stick-header-meta":"","header-above-stick-meta":"","header-main-stick-meta":"","header-below-stick-meta":"","astra-migrate-meta-layouts":"default","ast-page-background-enabled":"default","ast-page-background-meta":{"desktop":{"background-color":"var(--ast-global-color-4)","background-image":"","background-repeat":"repeat","background-position":"center center","background-size":"auto","background-attachment":"scroll","background-type":"","background-media":"","overlay-type":"","overlay-color":"","overlay-opacity":"","overlay-gradient":""},"tablet":{"background-color":"","background-image":"","background-repeat":"repeat","background-position":"center center","background-size":"auto","background-attachment":"scroll","background-type":"","background-media":"","overlay-type":"","overlay-color":"","overlay-opacity":"","overlay-gradient":""},"mobile":{"background-color":"","background-image":"","background-repeat":"repeat","background-position":"center center","background-size":"auto","background-attachment":"scroll","background-type":"","background-media":"","overlay-type":"","overlay-color":"","overlay-opacity":"","overlay-gradient":""}},"ast-content-background-meta":{"desktop":{"background-color":"var(--ast-global-color-5)","background-image":"","background-repeat":"repeat","background-position":"center center","background-size":"auto","background-attachment":"scroll","background-type":"","background-media":"","overlay-type":"","overlay-color":"","overlay-opacity":"","overlay-gradient":""},"tablet":{"background-color":"var(--ast-global-color-5)","background-image":"","background-repeat":"repeat","background-position":"center center","background-size":"auto","background-attachment":"scroll","background-type":"","background-media":"","overlay-type":"","overlay-color":"","overlay-opacity":"","overlay-gradient":""},"mobile":{"background-color":"var(--ast-global-color-5)","background-image":"","background-repeat":"repeat","background-position":"center center","background-size":"auto","background-attachment":"scroll","background-type":"","background-media":"","overlay-type":"","overlay-color":"","overlay-opacity":"","overlay-gradient":""}},"footnotes":""},"class_list":["post-241","page","type-page","status-publish","hentry"],"yoast_head":"<!-- This site is optimized with the Yoast SEO plugin v27.4 - https:\/\/yoast.com\/product\/yoast-seo-wordpress\/ -->\n<title>Condiciones generales - Bestial Tape<\/title>\n<meta name=\"robots\" content=\"noindex, follow\" \/>\n<meta property=\"og:locale\" content=\"en_US\" \/>\n<meta property=\"og:type\" content=\"article\" \/>\n<meta property=\"og:title\" content=\"Condiciones generales - Bestial Tape\" \/>\n<meta property=\"og:description\" content=\"Condiciones Generales Disponibilidad de Productos Disponibilidad Limitada: La presencia de productos en la web no garantiza su disponibilidad inmediata. Confirmaci\u00f3n: [&hellip;]\" \/>\n<meta property=\"og:url\" content=\"https:\/\/bestialtape.com\/en\/condiciones-generales\/\" \/>\n<meta property=\"og:site_name\" content=\"Bestial Tape\" \/>\n<meta property=\"article:modified_time\" content=\"2025-06-19T21:10:44+00:00\" \/>\n<meta name=\"twitter:card\" content=\"summary_large_image\" \/>\n<meta name=\"twitter:label1\" content=\"Est. reading time\" \/>\n\t<meta name=\"twitter:data1\" content=\"2 minutes\" \/>\n<script type=\"application\/ld+json\" class=\"yoast-schema-graph\">{\"@context\":\"https:\\\/\\\/schema.org\",\"@graph\":[{\"@type\":\"WebPage\",\"@id\":\"https:\\\/\\\/bestialtape.com\\\/condiciones-generales\\\/\",\"url\":\"https:\\\/\\\/bestialtape.com\\\/condiciones-generales\\\/\",\"name\":\"Condiciones generales - Bestial Tape\",\"isPartOf\":{\"@id\":\"https:\\\/\\\/bestialtape.com\\\/#website\"},\"datePublished\":\"2024-07-06T11:51:35+00:00\",\"dateModified\":\"2025-06-19T21:10:44+00:00\",\"breadcrumb\":{\"@id\":\"https:\\\/\\\/bestialtape.com\\\/condiciones-generales\\\/#breadcrumb\"},\"inLanguage\":\"en-US\",\"potentialAction\":[{\"@type\":\"ReadAction\",\"target\":[\"https:\\\/\\\/bestialtape.com\\\/condiciones-generales\\\/\"]}]},{\"@type\":\"BreadcrumbList\",\"@id\":\"https:\\\/\\\/bestialtape.com\\\/condiciones-generales\\\/#breadcrumb\",\"itemListElement\":[{\"@type\":\"ListItem\",\"position\":1,\"name\":\"Portada\",\"item\":\"https:\\\/\\\/bestialtape.com\\\/\"},{\"@type\":\"ListItem\",\"position\":2,\"name\":\"Condiciones generales\"}]},{\"@type\":\"WebSite\",\"@id\":\"https:\\\/\\\/bestialtape.com\\\/#website\",\"url\":\"https:\\\/\\\/bestialtape.com\\\/\",\"name\":\"Bestial Tape\",\"description\":\"Protect your fingers\",\"publisher\":{\"@id\":\"https:\\\/\\\/bestialtape.com\\\/#organization\"},\"potentialAction\":[{\"@type\":\"SearchAction\",\"target\":{\"@type\":\"EntryPoint\",\"urlTemplate\":\"https:\\\/\\\/bestialtape.com\\\/?s={search_term_string}\"},\"query-input\":{\"@type\":\"PropertyValueSpecification\",\"valueRequired\":true,\"valueName\":\"search_term_string\"}}],\"inLanguage\":\"en-US\"},{\"@type\":\"Organization\",\"@id\":\"https:\\\/\\\/bestialtape.com\\\/#organization\",\"name\":\"Bestial Tape\",\"url\":\"https:\\\/\\\/bestialtape.com\\\/\",\"logo\":{\"@type\":\"ImageObject\",\"inLanguage\":\"en-US\",\"@id\":\"https:\\\/\\\/bestialtape.com\\\/#\\\/schema\\\/logo\\\/image\\\/\",\"url\":\"https:\\\/\\\/bestialtape.com\\\/wp-content\\\/uploads\\\/2024\\\/07\\\/cropped-Bestial-sense-fons-1.png\",\"contentUrl\":\"https:\\\/\\\/bestialtape.com\\\/wp-content\\\/uploads\\\/2024\\\/07\\\/cropped-Bestial-sense-fons-1.png\",\"width\":512,\"height\":512,\"caption\":\"Bestial Tape\"},\"image\":{\"@id\":\"https:\\\/\\\/bestialtape.com\\\/#\\\/schema\\\/logo\\\/image\\\/\"},\"sameAs\":[\"https:\\\/\\\/instagram.com\\\/bestialtape\"]}]}<\/script>\n<!-- \/ Yoast SEO plugin. -->","yoast_head_json":{"title":"Condiciones generales - Bestial Tape","robots":{"index":"noindex","follow":"follow"},"og_locale":"en_US","og_type":"article","og_title":"Condiciones generales - Bestial Tape","og_description":"Condiciones Generales Disponibilidad de Productos Disponibilidad Limitada: La presencia de productos en la web no garantiza su disponibilidad inmediata. Confirmaci\u00f3n: [&hellip;]","og_url":"https:\/\/bestialtape.com\/en\/condiciones-generales\/","og_site_name":"Bestial Tape","article_modified_time":"2025-06-19T21:10:44+00:00","twitter_card":"summary_large_image","twitter_misc":{"Est. reading time":"2 minutes"},"schema":{"@context":"https:\/\/schema.org","@graph":[{"@type":"WebPage","@id":"https:\/\/bestialtape.com\/condiciones-generales\/","url":"https:\/\/bestialtape.com\/condiciones-generales\/","name":"Condiciones generales - Bestial Tape","isPartOf":{"@id":"https:\/\/bestialtape.com\/#website"},"datePublished":"2024-07-06T11:51:35+00:00","dateModified":"2025-06-19T21:10:44+00:00","breadcrumb":{"@id":"https:\/\/bestialtape.com\/condiciones-generales\/#breadcrumb"},"inLanguage":"en-US","potentialAction":[{"@type":"ReadAction","target":["https:\/\/bestialtape.com\/condiciones-generales\/"]}]},{"@type":"BreadcrumbList","@id":"https:\/\/bestialtape.com\/condiciones-generales\/#breadcrumb","itemListElement":[{"@type":"ListItem","position":1,"name":"Portada","item":"https:\/\/bestialtape.com\/"},{"@type":"ListItem","position":2,"name":"Condiciones generales"}]},{"@type":"WebSite","@id":"https:\/\/bestialtape.com\/#website","url":"https:\/\/bestialtape.com\/","name":"Bestial Tape","description":"Protect your fingers","publisher":{"@id":"https:\/\/bestialtape.com\/#organization"},"potentialAction":[{"@type":"SearchAction","target":{"@type":"EntryPoint","urlTemplate":"https:\/\/bestialtape.com\/?s={search_term_string}"},"query-input":{"@type":"PropertyValueSpecification","valueRequired":true,"valueName":"search_term_string"}}],"inLanguage":"en-US"},{"@type":"Organization","@id":"https:\/\/bestialtape.com\/#organization","name":"Bestial Tape","url":"https:\/\/bestialtape.com\/","logo":{"@type":"ImageObject","inLanguage":"en-US","@id":"https:\/\/bestialtape.com\/#\/schema\/logo\/image\/","url":"https:\/\/bestialtape.com\/wp-content\/uploads\/2024\/07\/cropped-Bestial-sense-fons-1.png","contentUrl":"https:\/\/bestialtape.com\/wp-content\/uploads\/2024\/07\/cropped-Bestial-sense-fons-1.png","width":512,"height":512,"caption":"Bestial Tape"},"image":{"@id":"https:\/\/bestialtape.com\/#\/schema\/logo\/image\/"},"sameAs":["https:\/\/instagram.com\/bestialtape"]}]}},"_links":{"self":[{"href":"https:\/\/bestialtape.com\/en\/wp-json\/wp\/v2\/pages\/241","targetHints":{"allow":["GET"]}}],"collection":[{"href":"https:\/\/bestialtape.com\/en\/wp-json\/wp\/v2\/pages"}],"about":[{"href":"https:\/\/bestialtape.com\/en\/wp-json\/wp\/v2\/types\/page"}],"author":[{"embeddable":true,"href":"https:\/\/bestialtape.com\/en\/wp-json\/wp\/v2\/users\/1"}],"replies":[{"embeddable":true,"href":"https:\/\/bestialtape.com\/en\/wp-json\/wp\/v2\/comments?post=241"}],"version-history":[{"count":11,"href":"https:\/\/bestialtape.com\/en\/wp-json\/wp\/v2\/pages\/241\/revisions"}],"predecessor-version":[{"id":956,"href":"https:\/\/bestialtape.com\/en\/wp-json\/wp\/v2\/pages\/241\/revisions\/956"}],"wp:attachment":[{"href":"https:\/\/bestialtape.com\/en\/wp-json\/wp\/v2\/media?parent=241"}],"curies":[{"name":"wp","href":"https:\/\/api.w.org\/{rel}","templated":true}]}}