{"id":582,"date":"2024-10-12T08:31:30","date_gmt":"2024-10-12T08:31:30","guid":{"rendered":"https:\/\/bestialtape.com\/?page_id=582"},"modified":"2025-02-08T22:49:56","modified_gmt":"2025-02-08T22:49:56","slug":"javi-delgado-ichiban-judo-campeon","status":"publish","type":"page","link":"https:\/\/bestialtape.com\/en\/javi-delgado-ichiban-judo-campeon\/","title":{"rendered":"Javi  Delgado Ichiban"},"content":{"rendered":"<div data-elementor-type=\"wp-page\" data-elementor-id=\"582\" class=\"elementor elementor-582\" data-elementor-post-type=\"page\">\n\t\t\t\t<div class=\"elementor-element elementor-element-6904dea e-flex e-con-boxed e-con e-parent\" data-id=\"6904dea\" data-element_type=\"container\" data-e-type=\"container\">\n\t\t\t\t\t<div class=\"e-con-inner\">\n\t\t<div class=\"elementor-element elementor-element-73486f1 e-con-full e-flex e-con e-child\" data-id=\"73486f1\" data-element_type=\"container\" data-e-type=\"container\">\n\t\t\t\t<div class=\"elementor-element elementor-element-338daff elementor-widget elementor-widget-heading\" data-id=\"338daff\" data-element_type=\"widget\" data-e-type=\"widget\" data-widget_type=\"heading.default\">\n\t\t\t\t<div class=\"elementor-widget-container\">\n\t\t\t\t\t<h2 class=\"elementor-heading-title elementor-size-default\">Javi Delgado Ichiban<\/h2>\t\t\t\t<\/div>\n\t\t\t\t<\/div>\n\t\t\t\t<\/div>\n\t\t\t\t\t<\/div>\n\t\t\t\t<\/div>\n\t\t<div class=\"elementor-element elementor-element-02f2999 e-flex e-con-boxed e-con e-parent\" data-id=\"02f2999\" data-element_type=\"container\" data-e-type=\"container\">\n\t\t\t\t\t<div class=\"e-con-inner\">\n\t\t<div class=\"elementor-element elementor-element-b5406c0 e-con-full e-flex e-con e-child\" data-id=\"b5406c0\" data-element_type=\"container\" data-e-type=\"container\">\n\t\t\t\t<div class=\"elementor-element elementor-element-41afb7b elementor-widget elementor-widget-text-editor\" data-id=\"41afb7b\" data-element_type=\"widget\" data-e-type=\"widget\" data-widget_type=\"text-editor.default\">\n\t\t\t\t<div class=\"elementor-widget-container\">\n\t\t\t\t\t\t\t\t\t<p>Javier Delgado conocido como Ichiban, nacido en 1979 bajo el signo de Capricornio, es una figura destacada en el judo. Representando al equipo AJM, ha sido <b>8 veces campe\u00f3n de Espa\u00f1a<\/b> y ha acumulado <b>28 medallas en el prestigioso IJF TOUR<\/b>. Adem\u00e1s, su brillante carrera incluye un logro mundial al ser medallista junior. Con una filosof\u00eda de vida clara, Javi se motiva por la b\u00fasqueda de la felicidad, y se caracteriza por su virtud de siempre avanzar. No tolera la mala educaci\u00f3n ni perdona la traici\u00f3n. Su consejo es simple pero poderoso: \u201cs\u00e9 feliz, respeta y deja algo bueno a tu paso\u201d, y su lema personal, \u201cquien quiere ser el mejor cuando se puede ser \u00fanico\u201d, refleja su enfoque aut\u00e9ntico y diferente en la vida y en el deporte.<\/p>\t\t\t\t\t\t\t\t<\/div>\n\t\t\t\t<\/div>\n\t\t\t\t<\/div>\n\t\t\t\t\t<\/div>\n\t\t\t\t<\/div>\n\t\t<div class=\"elementor-element elementor-element-c6be464 e-flex e-con-boxed e-con e-parent\" data-id=\"c6be464\" data-element_type=\"container\" data-e-type=\"container\">\n\t\t\t\t\t<div class=\"e-con-inner\">\n\t\t\t\t<div class=\"elementor-element elementor-element-496a475 elementor-widget elementor-widget-image\" data-id=\"496a475\" data-element_type=\"widget\" data-e-type=\"widget\" data-widget_type=\"image.default\">\n\t\t\t\t<div class=\"elementor-widget-container\">\n\t\t\t\t\t\t\t\t\t\t\t\t\t\t\t<img fetchpriority=\"high\" decoding=\"async\" width=\"1024\" height=\"683\" src=\"https:\/\/bestialtape.com\/wp-content\/uploads\/2025\/01\/IMG_20250119_114341-1024x683.jpg\" class=\"attachment-large size-large wp-image-647\" alt=\"\" srcset=\"https:\/\/bestialtape.com\/wp-content\/uploads\/2025\/01\/IMG_20250119_114341-1024x683.jpg 1024w, https:\/\/bestialtape.com\/wp-content\/uploads\/2025\/01\/IMG_20250119_114341-300x200.jpg 300w, https:\/\/bestialtape.com\/wp-content\/uploads\/2025\/01\/IMG_20250119_114341-768x512.jpg 768w, https:\/\/bestialtape.com\/wp-content\/uploads\/2025\/01\/IMG_20250119_114341-1536x1024.jpg 1536w, https:\/\/bestialtape.com\/wp-content\/uploads\/2025\/01\/IMG_20250119_114341-18x12.jpg 18w, https:\/\/bestialtape.com\/wp-content\/uploads\/2025\/01\/IMG_20250119_114341-600x400.jpg 600w, https:\/\/bestialtape.com\/wp-content\/uploads\/2025\/01\/IMG_20250119_114341.jpg 1600w\" sizes=\"(max-width: 1024px) 100vw, 1024px\" \/>\t\t\t\t\t\t\t\t\t\t\t\t\t\t\t<\/div>\n\t\t\t\t<\/div>\n\t\t\t\t\t<\/div>\n\t\t\t\t<\/div>\n\t\t\t\t<\/div>","protected":false},"excerpt":{"rendered":"<p>Javi Delgado Ichiban Javier Delgado conocido como Ichiban, nacido en 1979 bajo el signo de Capricornio, es una figura destacada [&hellip;]<\/p>\n","protected":false},"author":1,"featured_media":647,"parent":0,"menu_order":0,"comment_status":"closed","ping_status":"closed","template":"","meta":{"site-sidebar-layout":"no-sidebar","site-content-layout":"","ast-site-content-layout":"full-width-container","site-content-style":"default","site-sidebar-style":"default","ast-global-header-display":"","ast-banner-title-visibility":"","ast-main-header-display":"","ast-hfb-above-header-display":"","ast-hfb-below-header-display":"","ast-hfb-mobile-header-display":"","site-post-title":"disabled","ast-breadcrumbs-content":"","ast-featured-img":"disabled","footer-sml-layout":"","ast-disable-related-posts":"","theme-transparent-header-meta":"","adv-header-id-meta":"","stick-header-meta":"","header-above-stick-meta":"","header-main-stick-meta":"","header-below-stick-meta":"","astra-migrate-meta-layouts":"default","ast-page-background-enabled":"default","ast-page-background-meta":{"desktop":{"background-color":"var(--ast-global-color-4)","background-image":"","background-repeat":"repeat","background-position":"center center","background-size":"auto","background-attachment":"scroll","background-type":"","background-media":"","overlay-type":"","overlay-color":"","overlay-opacity":"","overlay-gradient":""},"tablet":{"background-color":"","background-image":"","background-repeat":"repeat","background-position":"center center","background-size":"auto","background-attachment":"scroll","background-type":"","background-media":"","overlay-type":"","overlay-color":"","overlay-opacity":"","overlay-gradient":""},"mobile":{"background-color":"","background-image":"","background-repeat":"repeat","background-position":"center center","background-size":"auto","background-attachment":"scroll","background-type":"","background-media":"","overlay-type":"","overlay-color":"","overlay-opacity":"","overlay-gradient":""}},"ast-content-background-meta":{"desktop":{"background-color":"var(--ast-global-color-5)","background-image":"","background-repeat":"repeat","background-position":"center center","background-size":"auto","background-attachment":"scroll","background-type":"","background-media":"","overlay-type":"","overlay-color":"","overlay-opacity":"","overlay-gradient":""},"tablet":{"background-color":"var(--ast-global-color-5)","background-image":"","background-repeat":"repeat","background-position":"center center","background-size":"auto","background-attachment":"scroll","background-type":"","background-media":"","overlay-type":"","overlay-color":"","overlay-opacity":"","overlay-gradient":""},"mobile":{"background-color":"var(--ast-global-color-5)","background-image":"","background-repeat":"repeat","background-position":"center center","background-size":"auto","background-attachment":"scroll","background-type":"","background-media":"","overlay-type":"","overlay-color":"","overlay-opacity":"","overlay-gradient":""}},"footnotes":""},"class_list":["post-582","page","type-page","status-publish","has-post-thumbnail","hentry"],"yoast_head":"<!-- This site is optimized with the Yoast SEO plugin v27.5 - https:\/\/yoast.com\/product\/yoast-seo-wordpress\/ -->\n<title>Javi Delgado Ichiban - Bestial Tape \u2705 Javi Delgado Ichiban | Campe\u00f3n de judo<\/title>\n<meta name=\"description\" content=\"\ud83e\udd4b Javi Delgado Ichiban, campe\u00f3n de Espa\u00f1a y medallista del IJF TOUR. Descubre su trayectoria y filosof\u00eda de vida basada en el respeto \ud83d\udcaa\ud83d\udd25\" \/>\n<meta name=\"robots\" content=\"index, follow, max-snippet:-1, max-image-preview:large, max-video-preview:-1\" \/>\n<link rel=\"canonical\" href=\"https:\/\/bestialtape.com\/en\/javi-delgado-ichiban-judo-campeon\/\" \/>\n<meta property=\"og:locale\" content=\"en_US\" \/>\n<meta property=\"og:type\" content=\"article\" \/>\n<meta property=\"og:title\" content=\"Javi Delgado Ichiban - Bestial Tape \u2705 Javi Delgado Ichiban | Campe\u00f3n de judo\" \/>\n<meta property=\"og:description\" content=\"\ud83e\udd4b Javi Delgado Ichiban, campe\u00f3n de Espa\u00f1a y medallista del IJF TOUR. Descubre su trayectoria y filosof\u00eda de vida basada en el respeto \ud83d\udcaa\ud83d\udd25\" \/>\n<meta property=\"og:url\" content=\"https:\/\/bestialtape.com\/en\/javi-delgado-ichiban-judo-campeon\/\" \/>\n<meta property=\"og:site_name\" content=\"Bestial Tape\" \/>\n<meta property=\"article:modified_time\" content=\"2025-02-08T22:49:56+00:00\" \/>\n<meta property=\"og:image\" content=\"https:\/\/bestialtape.com\/wp-content\/uploads\/2025\/01\/IMG_20250119_114341.jpg\" \/>\n\t<meta property=\"og:image:width\" content=\"1600\" \/>\n\t<meta property=\"og:image:height\" content=\"1067\" \/>\n\t<meta property=\"og:image:type\" content=\"image\/jpeg\" \/>\n<meta name=\"twitter:card\" content=\"summary_large_image\" \/>\n<meta name=\"twitter:label1\" content=\"Est. reading time\" \/>\n\t<meta name=\"twitter:data1\" content=\"2 minutes\" \/>\n<script type=\"application\/ld+json\" class=\"yoast-schema-graph\">{\"@context\":\"https:\\\/\\\/schema.org\",\"@graph\":[{\"@type\":\"WebPage\",\"@id\":\"https:\\\/\\\/bestialtape.com\\\/javi-delgado-ichiban-judo-campeon\\\/\",\"url\":\"https:\\\/\\\/bestialtape.com\\\/javi-delgado-ichiban-judo-campeon\\\/\",\"name\":\"Javi Delgado Ichiban - Bestial Tape \u2705 Javi Delgado Ichiban | Campe\u00f3n de judo\",\"isPartOf\":{\"@id\":\"https:\\\/\\\/bestialtape.com\\\/#website\"},\"primaryImageOfPage\":{\"@id\":\"https:\\\/\\\/bestialtape.com\\\/javi-delgado-ichiban-judo-campeon\\\/#primaryimage\"},\"image\":{\"@id\":\"https:\\\/\\\/bestialtape.com\\\/javi-delgado-ichiban-judo-campeon\\\/#primaryimage\"},\"thumbnailUrl\":\"https:\\\/\\\/bestialtape.com\\\/wp-content\\\/uploads\\\/2025\\\/01\\\/IMG_20250119_114341.jpg\",\"datePublished\":\"2024-10-12T08:31:30+00:00\",\"dateModified\":\"2025-02-08T22:49:56+00:00\",\"description\":\"\ud83e\udd4b Javi Delgado Ichiban, campe\u00f3n de Espa\u00f1a y medallista del IJF TOUR. Descubre su trayectoria y filosof\u00eda de vida basada en el respeto \ud83d\udcaa\ud83d\udd25\",\"breadcrumb\":{\"@id\":\"https:\\\/\\\/bestialtape.com\\\/javi-delgado-ichiban-judo-campeon\\\/#breadcrumb\"},\"inLanguage\":\"en-US\",\"potentialAction\":[{\"@type\":\"ReadAction\",\"target\":[\"https:\\\/\\\/bestialtape.com\\\/javi-delgado-ichiban-judo-campeon\\\/\"]}]},{\"@type\":\"ImageObject\",\"inLanguage\":\"en-US\",\"@id\":\"https:\\\/\\\/bestialtape.com\\\/javi-delgado-ichiban-judo-campeon\\\/#primaryimage\",\"url\":\"https:\\\/\\\/bestialtape.com\\\/wp-content\\\/uploads\\\/2025\\\/01\\\/IMG_20250119_114341.jpg\",\"contentUrl\":\"https:\\\/\\\/bestialtape.com\\\/wp-content\\\/uploads\\\/2025\\\/01\\\/IMG_20250119_114341.jpg\",\"width\":1600,\"height\":1067},{\"@type\":\"BreadcrumbList\",\"@id\":\"https:\\\/\\\/bestialtape.com\\\/javi-delgado-ichiban-judo-campeon\\\/#breadcrumb\",\"itemListElement\":[{\"@type\":\"ListItem\",\"position\":1,\"name\":\"Portada\",\"item\":\"https:\\\/\\\/bestialtape.com\\\/\"},{\"@type\":\"ListItem\",\"position\":2,\"name\":\"Javi Delgado Ichiban\"}]},{\"@type\":\"WebSite\",\"@id\":\"https:\\\/\\\/bestialtape.com\\\/#website\",\"url\":\"https:\\\/\\\/bestialtape.com\\\/\",\"name\":\"Bestial Tape\",\"description\":\"Protect your fingers\",\"publisher\":{\"@id\":\"https:\\\/\\\/bestialtape.com\\\/#organization\"},\"potentialAction\":[{\"@type\":\"SearchAction\",\"target\":{\"@type\":\"EntryPoint\",\"urlTemplate\":\"https:\\\/\\\/bestialtape.com\\\/?s={search_term_string}\"},\"query-input\":{\"@type\":\"PropertyValueSpecification\",\"valueRequired\":true,\"valueName\":\"search_term_string\"}}],\"inLanguage\":\"en-US\"},{\"@type\":\"Organization\",\"@id\":\"https:\\\/\\\/bestialtape.com\\\/#organization\",\"name\":\"Bestial Tape\",\"url\":\"https:\\\/\\\/bestialtape.com\\\/\",\"logo\":{\"@type\":\"ImageObject\",\"inLanguage\":\"en-US\",\"@id\":\"https:\\\/\\\/bestialtape.com\\\/#\\\/schema\\\/logo\\\/image\\\/\",\"url\":\"https:\\\/\\\/bestialtape.com\\\/wp-content\\\/uploads\\\/2024\\\/07\\\/cropped-Bestial-sense-fons-1.png\",\"contentUrl\":\"https:\\\/\\\/bestialtape.com\\\/wp-content\\\/uploads\\\/2024\\\/07\\\/cropped-Bestial-sense-fons-1.png\",\"width\":512,\"height\":512,\"caption\":\"Bestial Tape\"},\"image\":{\"@id\":\"https:\\\/\\\/bestialtape.com\\\/#\\\/schema\\\/logo\\\/image\\\/\"},\"sameAs\":[\"https:\\\/\\\/instagram.com\\\/bestialtape\"]}]}<\/script>\n<!-- \/ Yoast SEO plugin. -->","yoast_head_json":{"title":"Javi Delgado Ichiban - Bestial Tape \u2705 Javi Delgado Ichiban | Campe\u00f3n de judo","description":"\ud83e\udd4b Javi Delgado Ichiban, campe\u00f3n de Espa\u00f1a y medallista del IJF TOUR. Descubre su trayectoria y filosof\u00eda de vida basada en el respeto \ud83d\udcaa\ud83d\udd25","robots":{"index":"index","follow":"follow","max-snippet":"max-snippet:-1","max-image-preview":"max-image-preview:large","max-video-preview":"max-video-preview:-1"},"canonical":"https:\/\/bestialtape.com\/en\/javi-delgado-ichiban-judo-campeon\/","og_locale":"en_US","og_type":"article","og_title":"Javi Delgado Ichiban - Bestial Tape \u2705 Javi Delgado Ichiban | Campe\u00f3n de judo","og_description":"\ud83e\udd4b Javi Delgado Ichiban, campe\u00f3n de Espa\u00f1a y medallista del IJF TOUR. Descubre su trayectoria y filosof\u00eda de vida basada en el respeto \ud83d\udcaa\ud83d\udd25","og_url":"https:\/\/bestialtape.com\/en\/javi-delgado-ichiban-judo-campeon\/","og_site_name":"Bestial Tape","article_modified_time":"2025-02-08T22:49:56+00:00","og_image":[{"width":1600,"height":1067,"url":"https:\/\/bestialtape.com\/wp-content\/uploads\/2025\/01\/IMG_20250119_114341.jpg","type":"image\/jpeg"}],"twitter_card":"summary_large_image","twitter_misc":{"Est. reading time":"2 minutes"},"schema":{"@context":"https:\/\/schema.org","@graph":[{"@type":"WebPage","@id":"https:\/\/bestialtape.com\/javi-delgado-ichiban-judo-campeon\/","url":"https:\/\/bestialtape.com\/javi-delgado-ichiban-judo-campeon\/","name":"Javi Delgado Ichiban - Bestial Tape \u2705 Javi Delgado Ichiban | Campe\u00f3n de judo","isPartOf":{"@id":"https:\/\/bestialtape.com\/#website"},"primaryImageOfPage":{"@id":"https:\/\/bestialtape.com\/javi-delgado-ichiban-judo-campeon\/#primaryimage"},"image":{"@id":"https:\/\/bestialtape.com\/javi-delgado-ichiban-judo-campeon\/#primaryimage"},"thumbnailUrl":"https:\/\/bestialtape.com\/wp-content\/uploads\/2025\/01\/IMG_20250119_114341.jpg","datePublished":"2024-10-12T08:31:30+00:00","dateModified":"2025-02-08T22:49:56+00:00","description":"\ud83e\udd4b Javi Delgado Ichiban, campe\u00f3n de Espa\u00f1a y medallista del IJF TOUR. Descubre su trayectoria y filosof\u00eda de vida basada en el respeto \ud83d\udcaa\ud83d\udd25","breadcrumb":{"@id":"https:\/\/bestialtape.com\/javi-delgado-ichiban-judo-campeon\/#breadcrumb"},"inLanguage":"en-US","potentialAction":[{"@type":"ReadAction","target":["https:\/\/bestialtape.com\/javi-delgado-ichiban-judo-campeon\/"]}]},{"@type":"ImageObject","inLanguage":"en-US","@id":"https:\/\/bestialtape.com\/javi-delgado-ichiban-judo-campeon\/#primaryimage","url":"https:\/\/bestialtape.com\/wp-content\/uploads\/2025\/01\/IMG_20250119_114341.jpg","contentUrl":"https:\/\/bestialtape.com\/wp-content\/uploads\/2025\/01\/IMG_20250119_114341.jpg","width":1600,"height":1067},{"@type":"BreadcrumbList","@id":"https:\/\/bestialtape.com\/javi-delgado-ichiban-judo-campeon\/#breadcrumb","itemListElement":[{"@type":"ListItem","position":1,"name":"Portada","item":"https:\/\/bestialtape.com\/"},{"@type":"ListItem","position":2,"name":"Javi Delgado Ichiban"}]},{"@type":"WebSite","@id":"https:\/\/bestialtape.com\/#website","url":"https:\/\/bestialtape.com\/","name":"Bestial Tape","description":"Protect your fingers","publisher":{"@id":"https:\/\/bestialtape.com\/#organization"},"potentialAction":[{"@type":"SearchAction","target":{"@type":"EntryPoint","urlTemplate":"https:\/\/bestialtape.com\/?s={search_term_string}"},"query-input":{"@type":"PropertyValueSpecification","valueRequired":true,"valueName":"search_term_string"}}],"inLanguage":"en-US"},{"@type":"Organization","@id":"https:\/\/bestialtape.com\/#organization","name":"Bestial Tape","url":"https:\/\/bestialtape.com\/","logo":{"@type":"ImageObject","inLanguage":"en-US","@id":"https:\/\/bestialtape.com\/#\/schema\/logo\/image\/","url":"https:\/\/bestialtape.com\/wp-content\/uploads\/2024\/07\/cropped-Bestial-sense-fons-1.png","contentUrl":"https:\/\/bestialtape.com\/wp-content\/uploads\/2024\/07\/cropped-Bestial-sense-fons-1.png","width":512,"height":512,"caption":"Bestial Tape"},"image":{"@id":"https:\/\/bestialtape.com\/#\/schema\/logo\/image\/"},"sameAs":["https:\/\/instagram.com\/bestialtape"]}]}},"_links":{"self":[{"href":"https:\/\/bestialtape.com\/en\/wp-json\/wp\/v2\/pages\/582","targetHints":{"allow":["GET"]}}],"collection":[{"href":"https:\/\/bestialtape.com\/en\/wp-json\/wp\/v2\/pages"}],"about":[{"href":"https:\/\/bestialtape.com\/en\/wp-json\/wp\/v2\/types\/page"}],"author":[{"embeddable":true,"href":"https:\/\/bestialtape.com\/en\/wp-json\/wp\/v2\/users\/1"}],"replies":[{"embeddable":true,"href":"https:\/\/bestialtape.com\/en\/wp-json\/wp\/v2\/comments?post=582"}],"version-history":[{"count":12,"href":"https:\/\/bestialtape.com\/en\/wp-json\/wp\/v2\/pages\/582\/revisions"}],"predecessor-version":[{"id":726,"href":"https:\/\/bestialtape.com\/en\/wp-json\/wp\/v2\/pages\/582\/revisions\/726"}],"wp:featuredmedia":[{"embeddable":true,"href":"https:\/\/bestialtape.com\/en\/wp-json\/wp\/v2\/media\/647"}],"wp:attachment":[{"href":"https:\/\/bestialtape.com\/en\/wp-json\/wp\/v2\/media?parent=582"}],"curies":[{"name":"wp","href":"https:\/\/api.w.org\/{rel}","templated":true}]}}