{"id":521,"date":"2024-09-03T07:31:51","date_gmt":"2024-09-03T07:31:51","guid":{"rendered":"https:\/\/bestialtape.com\/?post_type=product&#038;p=521"},"modified":"2025-09-16T00:01:01","modified_gmt":"2025-09-16T00:01:01","slug":"bestial-tape-0-8-pro-1-recambio","status":"publish","type":"product","link":"https:\/\/bestialtape.com\/en\/product\/bestial-tape-0-8-pro-1-recambio\/","title":{"rendered":"Bestial Tape &#8211; 0.8 PRO + 1 recambio"},"content":{"rendered":"<p>Tape de alta calidad, resistente al sudor, muy c\u00f3modo y f\u00e1cil de poner. No deja residuos de pegamento. Ideal para vendar los dedos de manos y pies. Tela 100% de algod\u00f3n, adhesi\u00f3n extrafuerte con \u00f3xido de zinc.<\/p>\n<p>Descripci\u00f3n del producto:<\/p>\n<ul>\n<li>3 cintas de Tape 0.8cm x 13.7m.<\/li>\n<li>1 recambio<\/li>\n<li>Caja protectora de metal<\/li>\n<\/ul>","protected":false},"excerpt":{"rendered":"<ul>\n<li>Recomendamos poner el tape con las manos completamente secas.<\/li>\n<li>Recomendamos dar un par de vueltas con el tape para una buena sujeci\u00f3n.<\/li>\n<\/ul>","protected":false},"featured_media":284,"comment_status":"open","ping_status":"closed","template":"","meta":{"site-sidebar-layout":"default","site-content-layout":"","ast-site-content-layout":"default","site-content-style":"default","site-sidebar-style":"default","ast-global-header-display":"","ast-banner-title-visibility":"","ast-main-header-display":"","ast-hfb-above-header-display":"","ast-hfb-below-header-display":"","ast-hfb-mobile-header-display":"","site-post-title":"","ast-breadcrumbs-content":"","ast-featured-img":"","footer-sml-layout":"","ast-disable-related-posts":"","theme-transparent-header-meta":"default","adv-header-id-meta":"","stick-header-meta":"","header-above-stick-meta":"","header-main-stick-meta":"","header-below-stick-meta":"","astra-migrate-meta-layouts":"set","ast-page-background-enabled":"default","ast-page-background-meta":{"desktop":{"background-color":"var(--ast-global-color-4)","background-image":"","background-repeat":"repeat","background-position":"center center","background-size":"auto","background-attachment":"scroll","background-type":"","background-media":"","overlay-type":"","overlay-color":"","overlay-opacity":"","overlay-gradient":""},"tablet":{"background-color":"","background-image":"","background-repeat":"repeat","background-position":"center center","background-size":"auto","background-attachment":"scroll","background-type":"","background-media":"","overlay-type":"","overlay-color":"","overlay-opacity":"","overlay-gradient":""},"mobile":{"background-color":"","background-image":"","background-repeat":"repeat","background-position":"center center","background-size":"auto","background-attachment":"scroll","background-type":"","background-media":"","overlay-type":"","overlay-color":"","overlay-opacity":"","overlay-gradient":""}},"ast-content-background-meta":{"desktop":{"background-color":"var(--ast-global-color-5)","background-image":"","background-repeat":"repeat","background-position":"center center","background-size":"auto","background-attachment":"scroll","background-type":"","background-media":"","overlay-type":"","overlay-color":"","overlay-opacity":"","overlay-gradient":""},"tablet":{"background-color":"var(--ast-global-color-5)","background-image":"","background-repeat":"repeat","background-position":"center center","background-size":"auto","background-attachment":"scroll","background-type":"","background-media":"","overlay-type":"","overlay-color":"","overlay-opacity":"","overlay-gradient":""},"mobile":{"background-color":"var(--ast-global-color-5)","background-image":"","background-repeat":"repeat","background-position":"center center","background-size":"auto","background-attachment":"scroll","background-type":"","background-media":"","overlay-type":"","overlay-color":"","overlay-opacity":"","overlay-gradient":""}}},"product_brand":[],"product_cat":[15],"product_tag":[],"class_list":{"0":"post-521","1":"product","2":"type-product","3":"status-publish","4":"has-post-thumbnail","6":"product_cat-sin-categorizar","7":"desktop-align-left","8":"tablet-align-left","9":"mobile-align-left","11":"first","12":"instock","13":"shipping-taxable","14":"purchasable","15":"product-type-simple"},"yoast_head":"<!-- This site is optimized with the Yoast SEO plugin v27.4 - https:\/\/yoast.com\/product\/yoast-seo-wordpress\/ -->\n<title>Bestial Tape - 0.8 PRO + 1 recambio<\/title>\n<meta name=\"robots\" content=\"index, follow, max-snippet:-1, max-image-preview:large, max-video-preview:-1\" \/>\n<link rel=\"canonical\" href=\"https:\/\/bestialtape.com\/en\/product\/bestial-tape-0-8-pro-1-recambio\/\" \/>\n<meta property=\"og:locale\" content=\"en_US\" \/>\n<meta property=\"og:type\" content=\"article\" \/>\n<meta property=\"og:title\" content=\"Bestial Tape - 0.8 PRO + 1 recambio\" \/>\n<meta property=\"og:description\" content=\"Recomendamos poner el tape con las manos completamente secas. Recomendamos dar un par de vueltas con el tape para una buena sujeci\u00f3n.\" \/>\n<meta property=\"og:url\" content=\"https:\/\/bestialtape.com\/en\/product\/bestial-tape-0-8-pro-1-recambio\/\" \/>\n<meta property=\"og:site_name\" content=\"Bestial Tape\" \/>\n<meta property=\"article:modified_time\" content=\"2025-09-16T00:01:01+00:00\" \/>\n<meta property=\"og:image\" content=\"https:\/\/bestialtape.com\/wp-content\/uploads\/2024\/07\/Bestial_tape-b02-scaled.jpg\" \/>\n\t<meta property=\"og:image:width\" content=\"2560\" \/>\n\t<meta property=\"og:image:height\" content=\"1920\" \/>\n\t<meta property=\"og:image:type\" content=\"image\/jpeg\" \/>\n<meta name=\"twitter:card\" content=\"summary_large_image\" \/>\n<meta name=\"twitter:label1\" content=\"Est. reading time\" \/>\n\t<meta name=\"twitter:data1\" content=\"1 minute\" \/>\n<script type=\"application\/ld+json\" class=\"yoast-schema-graph\">{\"@context\":\"https:\\\/\\\/schema.org\",\"@graph\":[{\"@type\":\"WebPage\",\"@id\":\"https:\\\/\\\/bestialtape.com\\\/producto\\\/bestial-tape-0-8-pro-1-recambio\\\/\",\"url\":\"https:\\\/\\\/bestialtape.com\\\/producto\\\/bestial-tape-0-8-pro-1-recambio\\\/\",\"name\":\"Bestial Tape - 0.8 PRO + 1 recambio\",\"isPartOf\":{\"@id\":\"https:\\\/\\\/bestialtape.com\\\/#website\"},\"primaryImageOfPage\":{\"@id\":\"https:\\\/\\\/bestialtape.com\\\/producto\\\/bestial-tape-0-8-pro-1-recambio\\\/#primaryimage\"},\"image\":{\"@id\":\"https:\\\/\\\/bestialtape.com\\\/producto\\\/bestial-tape-0-8-pro-1-recambio\\\/#primaryimage\"},\"thumbnailUrl\":\"https:\\\/\\\/bestialtape.com\\\/wp-content\\\/uploads\\\/2024\\\/07\\\/Bestial_tape-b02-scaled.jpg\",\"datePublished\":\"2024-09-03T07:31:51+00:00\",\"dateModified\":\"2025-09-16T00:01:01+00:00\",\"breadcrumb\":{\"@id\":\"https:\\\/\\\/bestialtape.com\\\/producto\\\/bestial-tape-0-8-pro-1-recambio\\\/#breadcrumb\"},\"inLanguage\":\"en-US\",\"potentialAction\":[{\"@type\":\"ReadAction\",\"target\":[\"https:\\\/\\\/bestialtape.com\\\/producto\\\/bestial-tape-0-8-pro-1-recambio\\\/\"]}]},{\"@type\":\"ImageObject\",\"inLanguage\":\"en-US\",\"@id\":\"https:\\\/\\\/bestialtape.com\\\/producto\\\/bestial-tape-0-8-pro-1-recambio\\\/#primaryimage\",\"url\":\"https:\\\/\\\/bestialtape.com\\\/wp-content\\\/uploads\\\/2024\\\/07\\\/Bestial_tape-b02-scaled.jpg\",\"contentUrl\":\"https:\\\/\\\/bestialtape.com\\\/wp-content\\\/uploads\\\/2024\\\/07\\\/Bestial_tape-b02-scaled.jpg\",\"width\":2560,\"height\":1920,\"caption\":\"OLYMPUS DIGITAL CAMERA\"},{\"@type\":\"BreadcrumbList\",\"@id\":\"https:\\\/\\\/bestialtape.com\\\/producto\\\/bestial-tape-0-8-pro-1-recambio\\\/#breadcrumb\",\"itemListElement\":[{\"@type\":\"ListItem\",\"position\":1,\"name\":\"Portada\",\"item\":\"https:\\\/\\\/bestialtape.com\\\/\"},{\"@type\":\"ListItem\",\"position\":2,\"name\":\"Tienda\",\"item\":\"https:\\\/\\\/bestialtape.com\\\/tienda-tape-deportivo\\\/\"},{\"@type\":\"ListItem\",\"position\":3,\"name\":\"Bestial Tape &#8211; 0.8 PRO + 1 recambio\"}]},{\"@type\":\"WebSite\",\"@id\":\"https:\\\/\\\/bestialtape.com\\\/#website\",\"url\":\"https:\\\/\\\/bestialtape.com\\\/\",\"name\":\"Bestial Tape\",\"description\":\"Protect your fingers\",\"publisher\":{\"@id\":\"https:\\\/\\\/bestialtape.com\\\/#organization\"},\"potentialAction\":[{\"@type\":\"SearchAction\",\"target\":{\"@type\":\"EntryPoint\",\"urlTemplate\":\"https:\\\/\\\/bestialtape.com\\\/?s={search_term_string}\"},\"query-input\":{\"@type\":\"PropertyValueSpecification\",\"valueRequired\":true,\"valueName\":\"search_term_string\"}}],\"inLanguage\":\"en-US\"},{\"@type\":\"Organization\",\"@id\":\"https:\\\/\\\/bestialtape.com\\\/#organization\",\"name\":\"Bestial Tape\",\"url\":\"https:\\\/\\\/bestialtape.com\\\/\",\"logo\":{\"@type\":\"ImageObject\",\"inLanguage\":\"en-US\",\"@id\":\"https:\\\/\\\/bestialtape.com\\\/#\\\/schema\\\/logo\\\/image\\\/\",\"url\":\"https:\\\/\\\/bestialtape.com\\\/wp-content\\\/uploads\\\/2024\\\/07\\\/cropped-Bestial-sense-fons-1.png\",\"contentUrl\":\"https:\\\/\\\/bestialtape.com\\\/wp-content\\\/uploads\\\/2024\\\/07\\\/cropped-Bestial-sense-fons-1.png\",\"width\":512,\"height\":512,\"caption\":\"Bestial Tape\"},\"image\":{\"@id\":\"https:\\\/\\\/bestialtape.com\\\/#\\\/schema\\\/logo\\\/image\\\/\"},\"sameAs\":[\"https:\\\/\\\/instagram.com\\\/bestialtape\"]}]}<\/script>\n<!-- \/ Yoast SEO plugin. -->","yoast_head_json":{"title":"Bestial Tape - 0.8 PRO + 1 recambio","robots":{"index":"index","follow":"follow","max-snippet":"max-snippet:-1","max-image-preview":"max-image-preview:large","max-video-preview":"max-video-preview:-1"},"canonical":"https:\/\/bestialtape.com\/en\/product\/bestial-tape-0-8-pro-1-recambio\/","og_locale":"en_US","og_type":"article","og_title":"Bestial Tape - 0.8 PRO + 1 recambio","og_description":"Recomendamos poner el tape con las manos completamente secas. Recomendamos dar un par de vueltas con el tape para una buena sujeci\u00f3n.","og_url":"https:\/\/bestialtape.com\/en\/product\/bestial-tape-0-8-pro-1-recambio\/","og_site_name":"Bestial Tape","article_modified_time":"2025-09-16T00:01:01+00:00","og_image":[{"width":2560,"height":1920,"url":"https:\/\/bestialtape.com\/wp-content\/uploads\/2024\/07\/Bestial_tape-b02-scaled.jpg","type":"image\/jpeg"}],"twitter_card":"summary_large_image","twitter_misc":{"Est. reading time":"1 minute"},"schema":{"@context":"https:\/\/schema.org","@graph":[{"@type":"WebPage","@id":"https:\/\/bestialtape.com\/producto\/bestial-tape-0-8-pro-1-recambio\/","url":"https:\/\/bestialtape.com\/producto\/bestial-tape-0-8-pro-1-recambio\/","name":"Bestial Tape - 0.8 PRO + 1 recambio","isPartOf":{"@id":"https:\/\/bestialtape.com\/#website"},"primaryImageOfPage":{"@id":"https:\/\/bestialtape.com\/producto\/bestial-tape-0-8-pro-1-recambio\/#primaryimage"},"image":{"@id":"https:\/\/bestialtape.com\/producto\/bestial-tape-0-8-pro-1-recambio\/#primaryimage"},"thumbnailUrl":"https:\/\/bestialtape.com\/wp-content\/uploads\/2024\/07\/Bestial_tape-b02-scaled.jpg","datePublished":"2024-09-03T07:31:51+00:00","dateModified":"2025-09-16T00:01:01+00:00","breadcrumb":{"@id":"https:\/\/bestialtape.com\/producto\/bestial-tape-0-8-pro-1-recambio\/#breadcrumb"},"inLanguage":"en-US","potentialAction":[{"@type":"ReadAction","target":["https:\/\/bestialtape.com\/producto\/bestial-tape-0-8-pro-1-recambio\/"]}]},{"@type":"ImageObject","inLanguage":"en-US","@id":"https:\/\/bestialtape.com\/producto\/bestial-tape-0-8-pro-1-recambio\/#primaryimage","url":"https:\/\/bestialtape.com\/wp-content\/uploads\/2024\/07\/Bestial_tape-b02-scaled.jpg","contentUrl":"https:\/\/bestialtape.com\/wp-content\/uploads\/2024\/07\/Bestial_tape-b02-scaled.jpg","width":2560,"height":1920,"caption":"OLYMPUS DIGITAL CAMERA"},{"@type":"BreadcrumbList","@id":"https:\/\/bestialtape.com\/producto\/bestial-tape-0-8-pro-1-recambio\/#breadcrumb","itemListElement":[{"@type":"ListItem","position":1,"name":"Portada","item":"https:\/\/bestialtape.com\/"},{"@type":"ListItem","position":2,"name":"Tienda","item":"https:\/\/bestialtape.com\/tienda-tape-deportivo\/"},{"@type":"ListItem","position":3,"name":"Bestial Tape &#8211; 0.8 PRO + 1 recambio"}]},{"@type":"WebSite","@id":"https:\/\/bestialtape.com\/#website","url":"https:\/\/bestialtape.com\/","name":"Bestial Tape","description":"Protect your fingers","publisher":{"@id":"https:\/\/bestialtape.com\/#organization"},"potentialAction":[{"@type":"SearchAction","target":{"@type":"EntryPoint","urlTemplate":"https:\/\/bestialtape.com\/?s={search_term_string}"},"query-input":{"@type":"PropertyValueSpecification","valueRequired":true,"valueName":"search_term_string"}}],"inLanguage":"en-US"},{"@type":"Organization","@id":"https:\/\/bestialtape.com\/#organization","name":"Bestial Tape","url":"https:\/\/bestialtape.com\/","logo":{"@type":"ImageObject","inLanguage":"en-US","@id":"https:\/\/bestialtape.com\/#\/schema\/logo\/image\/","url":"https:\/\/bestialtape.com\/wp-content\/uploads\/2024\/07\/cropped-Bestial-sense-fons-1.png","contentUrl":"https:\/\/bestialtape.com\/wp-content\/uploads\/2024\/07\/cropped-Bestial-sense-fons-1.png","width":512,"height":512,"caption":"Bestial Tape"},"image":{"@id":"https:\/\/bestialtape.com\/#\/schema\/logo\/image\/"},"sameAs":["https:\/\/instagram.com\/bestialtape"]}]}},"_links":{"self":[{"href":"https:\/\/bestialtape.com\/en\/wp-json\/wp\/v2\/product\/521","targetHints":{"allow":["GET"]}}],"collection":[{"href":"https:\/\/bestialtape.com\/en\/wp-json\/wp\/v2\/product"}],"about":[{"href":"https:\/\/bestialtape.com\/en\/wp-json\/wp\/v2\/types\/product"}],"replies":[{"embeddable":true,"href":"https:\/\/bestialtape.com\/en\/wp-json\/wp\/v2\/comments?post=521"}],"wp:featuredmedia":[{"embeddable":true,"href":"https:\/\/bestialtape.com\/en\/wp-json\/wp\/v2\/media\/284"}],"wp:attachment":[{"href":"https:\/\/bestialtape.com\/en\/wp-json\/wp\/v2\/media?parent=521"}],"wp:term":[{"taxonomy":"product_brand","embeddable":true,"href":"https:\/\/bestialtape.com\/en\/wp-json\/wp\/v2\/product_brand?post=521"},{"taxonomy":"product_cat","embeddable":true,"href":"https:\/\/bestialtape.com\/en\/wp-json\/wp\/v2\/product_cat?post=521"},{"taxonomy":"product_tag","embeddable":true,"href":"https:\/\/bestialtape.com\/en\/wp-json\/wp\/v2\/product_tag?post=521"}],"curies":[{"name":"wp","href":"https:\/\/api.w.org\/{rel}","templated":true}]}}